{"id":4739,"date":"2022-04-22T09:30:19","date_gmt":"2022-04-22T12:30:19","guid":{"rendered":"https:\/\/rotario.com.br\/site\/?page_id=4739"},"modified":"2022-04-22T09:30:20","modified_gmt":"2022-04-22T12:30:20","slug":"o-rio-e-a-rota","status":"publish","type":"page","link":"https:\/\/rotario.com.br\/site\/o-rio-e-a-rota\/","title":{"rendered":"O Rio e a Rota!"},"content":{"rendered":"\n<p><strong><em>Maur\u00edcio Werner \u00e9 professor da Funda\u00e7ao Get\u00falio Vargas (FGV), palestrante, consultor e desde 2017 \u00e9 diretor de planejamento e marketing da RIOTUR .<\/em><\/strong><\/p>\n\n\n\n<p>Novo petr\u00f3leo? Essa \u00e9 a rota que tra\u00e7aremos para o Rio do Brasil? Que tal pensarmos juntos nesse espa\u00e7o democr\u00e1tico? Sem \u00f3dio, sem medo, com pensamentos cr\u00edticos, ousados e aplic\u00e1veis. Que tal nos juntar para construir a Rota que queremos? Minha proposta nesta coluna que recebi de presente do Daniel \u00e9 inspirar, provocar, ouvir e compartilhar. Conto com voc\u00ea!<\/p>\n\n\n\n<p>Colaborar \u00e9 o verbo de ordem neste mil\u00eanio que nos surpreende a cada instante com tantas mudan\u00e7as sociais e tecnol\u00f3gicas que experimentamos. Vamos tratar o Turismo como coisa s\u00e9ria! Falaremos de planejamento e execu\u00e7\u00e3o! Objetivos, metas e estrat\u00e9gias. Criticar e apontar solu\u00e7\u00f5es. Vamos evitar desculpas, assumir as r\u00e9deas da atividade mais importante para a revolu\u00e7\u00e3o social e econ\u00f4mica do Rio. Vamos tratar do turismo como deve ser tratado!<\/p>\n\n\n\n<p>Chega de falar em voca\u00e7\u00e3o , sigamos em frente com atitudes empreendedoras, a\u00e7\u00f5es verdadeiras, apol\u00edticas com objetivos claros e metas alcan\u00e7\u00e1veis. Quinzenalmente estaremos por aqui para trocar ideias inteligentes! Ficarei muito feliz com a tua participa\u00e7\u00e3o, sugest\u00f5es e sua opini\u00e3o \u00e9 fundamental para escrevermos os pr\u00f3ximos textos. O Espa\u00e7o \u00e9 nosso, vamos em frente e boa viagem!<\/p>\n\n\n\n<p>Estou no Instagram , Facebook e LinkedIn para on Line e off Line nos conectarmos. Turismo gera emprego e renda! Acredite nisso e assuma um compromisso com o sucesso! Nossa hist\u00f3ria come\u00e7a aqui e agora! Feliz ano novo, abra\u00e7o forTe com T de turismo s\u00f3lido, consistente e preparado.&nbsp;mw<\/p>\n\n\n\n<p><a href=\"https:\/\/tpimoveis.com.br\/site\/?p=17\"><\/a><\/p>\n","protected":false},"excerpt":{"rendered":"<p>Maur\u00edcio Werner \u00e9 professor da Funda\u00e7ao Get\u00falio Vargas (FGV), palestrante, consultor e desde 2017 \u00e9 diretor de planejamento e marketing da RIOTUR . Novo petr\u00f3leo? Essa \u00e9 a rota que tra\u00e7aremos para o Rio do Brasil? Que tal pensarmos juntos nesse espa\u00e7o democr\u00e1tico? Sem \u00f3dio, sem medo, com pensamentos cr\u00edticos, ousados e aplic\u00e1veis. Que tal [&hellip;]<\/p>\n","protected":false},"author":2,"featured_media":4740,"parent":0,"menu_order":0,"comment_status":"closed","ping_status":"closed","template":"","meta":{"footnotes":""},"class_list":["post-4739","page","type-page","status-publish","has-post-thumbnail","hentry"],"yoast_head":"<!-- This site is optimized with the Yoast SEO plugin v26.5 - https:\/\/yoast.com\/wordpress\/plugins\/seo\/ -->\n<title>O Rio e a Rota! - Rota Rio<\/title>\n<meta name=\"robots\" content=\"index, follow, max-snippet:-1, max-image-preview:large, max-video-preview:-1\" \/>\n<link rel=\"canonical\" href=\"https:\/\/rotario.com.br\/site\/o-rio-e-a-rota\/\" \/>\n<meta property=\"og:locale\" content=\"pt_BR\" \/>\n<meta property=\"og:type\" content=\"article\" \/>\n<meta property=\"og:title\" content=\"O Rio e a Rota! - Rota Rio\" \/>\n<meta property=\"og:description\" content=\"Maur\u00edcio Werner \u00e9 professor da Funda\u00e7ao Get\u00falio Vargas (FGV), palestrante, consultor e desde 2017 \u00e9 diretor de planejamento e marketing da RIOTUR . Novo petr\u00f3leo? Essa \u00e9 a rota que tra\u00e7aremos para o Rio do Brasil? Que tal pensarmos juntos nesse espa\u00e7o democr\u00e1tico? Sem \u00f3dio, sem medo, com pensamentos cr\u00edticos, ousados e aplic\u00e1veis. Que tal [&hellip;]\" \/>\n<meta property=\"og:url\" content=\"https:\/\/rotario.com.br\/site\/o-rio-e-a-rota\/\" \/>\n<meta property=\"og:site_name\" content=\"Rota Rio\" \/>\n<meta property=\"article:modified_time\" content=\"2022-04-22T12:30:20+00:00\" \/>\n<meta property=\"og:image\" content=\"https:\/\/rotario.com.br\/site\/wp-content\/uploads\/2022\/04\/Design-sem-nome-1.png\" \/>\n\t<meta property=\"og:image:width\" content=\"300\" \/>\n\t<meta property=\"og:image:height\" content=\"250\" \/>\n\t<meta property=\"og:image:type\" content=\"image\/png\" \/>\n<meta name=\"twitter:card\" content=\"summary_large_image\" \/>\n<meta name=\"twitter:label1\" content=\"Est. tempo de leitura\" \/>\n\t<meta name=\"twitter:data1\" content=\"1 minuto\" \/>\n<script type=\"application\/ld+json\" class=\"yoast-schema-graph\">{\"@context\":\"https:\/\/schema.org\",\"@graph\":[{\"@type\":\"WebPage\",\"@id\":\"https:\/\/rotario.com.br\/site\/o-rio-e-a-rota\/\",\"url\":\"https:\/\/rotario.com.br\/site\/o-rio-e-a-rota\/\",\"name\":\"O Rio e a Rota! - Rota Rio\",\"isPartOf\":{\"@id\":\"https:\/\/rotario.com.br\/site\/#website\"},\"primaryImageOfPage\":{\"@id\":\"https:\/\/rotario.com.br\/site\/o-rio-e-a-rota\/#primaryimage\"},\"image\":{\"@id\":\"https:\/\/rotario.com.br\/site\/o-rio-e-a-rota\/#primaryimage\"},\"thumbnailUrl\":\"https:\/\/rotario.com.br\/site\/wp-content\/uploads\/2022\/04\/Design-sem-nome-1.png\",\"datePublished\":\"2022-04-22T12:30:19+00:00\",\"dateModified\":\"2022-04-22T12:30:20+00:00\",\"breadcrumb\":{\"@id\":\"https:\/\/rotario.com.br\/site\/o-rio-e-a-rota\/#breadcrumb\"},\"inLanguage\":\"pt-BR\",\"potentialAction\":[{\"@type\":\"ReadAction\",\"target\":[\"https:\/\/rotario.com.br\/site\/o-rio-e-a-rota\/\"]}]},{\"@type\":\"ImageObject\",\"inLanguage\":\"pt-BR\",\"@id\":\"https:\/\/rotario.com.br\/site\/o-rio-e-a-rota\/#primaryimage\",\"url\":\"https:\/\/rotario.com.br\/site\/wp-content\/uploads\/2022\/04\/Design-sem-nome-1.png\",\"contentUrl\":\"https:\/\/rotario.com.br\/site\/wp-content\/uploads\/2022\/04\/Design-sem-nome-1.png\",\"width\":300,\"height\":250},{\"@type\":\"BreadcrumbList\",\"@id\":\"https:\/\/rotario.com.br\/site\/o-rio-e-a-rota\/#breadcrumb\",\"itemListElement\":[{\"@type\":\"ListItem\",\"position\":1,\"name\":\"In\u00edcio\",\"item\":\"https:\/\/rotario.com.br\/site\/\"},{\"@type\":\"ListItem\",\"position\":2,\"name\":\"O Rio e a Rota!\"}]},{\"@type\":\"WebSite\",\"@id\":\"https:\/\/rotario.com.br\/site\/#website\",\"url\":\"https:\/\/rotario.com.br\/site\/\",\"name\":\"Rota Rio\",\"description\":\"Aqui, o Rio de Janeiro \u00e9 a pauta!\",\"publisher\":{\"@id\":\"https:\/\/rotario.com.br\/site\/#organization\"},\"potentialAction\":[{\"@type\":\"SearchAction\",\"target\":{\"@type\":\"EntryPoint\",\"urlTemplate\":\"https:\/\/rotario.com.br\/site\/?s={search_term_string}\"},\"query-input\":{\"@type\":\"PropertyValueSpecification\",\"valueRequired\":true,\"valueName\":\"search_term_string\"}}],\"inLanguage\":\"pt-BR\"},{\"@type\":\"Organization\",\"@id\":\"https:\/\/rotario.com.br\/site\/#organization\",\"name\":\"Rota Rio\",\"url\":\"https:\/\/rotario.com.br\/site\/\",\"logo\":{\"@type\":\"ImageObject\",\"inLanguage\":\"pt-BR\",\"@id\":\"https:\/\/rotario.com.br\/site\/#\/schema\/logo\/image\/\",\"url\":\"https:\/\/rotario.com.br\/site\/wp-content\/uploads\/2022\/04\/cropped-ROTARIO-LOGO-Prancheta-1-1-2048x654-1.png\",\"contentUrl\":\"https:\/\/rotario.com.br\/site\/wp-content\/uploads\/2022\/04\/cropped-ROTARIO-LOGO-Prancheta-1-1-2048x654-1.png\",\"width\":2048,\"height\":654,\"caption\":\"Rota Rio\"},\"image\":{\"@id\":\"https:\/\/rotario.com.br\/site\/#\/schema\/logo\/image\/\"}}]}<\/script>\n<!-- \/ Yoast SEO plugin. -->","yoast_head_json":{"title":"O Rio e a Rota! - Rota Rio","robots":{"index":"index","follow":"follow","max-snippet":"max-snippet:-1","max-image-preview":"max-image-preview:large","max-video-preview":"max-video-preview:-1"},"canonical":"https:\/\/rotario.com.br\/site\/o-rio-e-a-rota\/","og_locale":"pt_BR","og_type":"article","og_title":"O Rio e a Rota! - Rota Rio","og_description":"Maur\u00edcio Werner \u00e9 professor da Funda\u00e7ao Get\u00falio Vargas (FGV), palestrante, consultor e desde 2017 \u00e9 diretor de planejamento e marketing da RIOTUR . Novo petr\u00f3leo? Essa \u00e9 a rota que tra\u00e7aremos para o Rio do Brasil? Que tal pensarmos juntos nesse espa\u00e7o democr\u00e1tico? Sem \u00f3dio, sem medo, com pensamentos cr\u00edticos, ousados e aplic\u00e1veis. Que tal [&hellip;]","og_url":"https:\/\/rotario.com.br\/site\/o-rio-e-a-rota\/","og_site_name":"Rota Rio","article_modified_time":"2022-04-22T12:30:20+00:00","og_image":[{"width":300,"height":250,"url":"https:\/\/rotario.com.br\/site\/wp-content\/uploads\/2022\/04\/Design-sem-nome-1.png","type":"image\/png"}],"twitter_card":"summary_large_image","twitter_misc":{"Est. tempo de leitura":"1 minuto"},"schema":{"@context":"https:\/\/schema.org","@graph":[{"@type":"WebPage","@id":"https:\/\/rotario.com.br\/site\/o-rio-e-a-rota\/","url":"https:\/\/rotario.com.br\/site\/o-rio-e-a-rota\/","name":"O Rio e a Rota! - Rota Rio","isPartOf":{"@id":"https:\/\/rotario.com.br\/site\/#website"},"primaryImageOfPage":{"@id":"https:\/\/rotario.com.br\/site\/o-rio-e-a-rota\/#primaryimage"},"image":{"@id":"https:\/\/rotario.com.br\/site\/o-rio-e-a-rota\/#primaryimage"},"thumbnailUrl":"https:\/\/rotario.com.br\/site\/wp-content\/uploads\/2022\/04\/Design-sem-nome-1.png","datePublished":"2022-04-22T12:30:19+00:00","dateModified":"2022-04-22T12:30:20+00:00","breadcrumb":{"@id":"https:\/\/rotario.com.br\/site\/o-rio-e-a-rota\/#breadcrumb"},"inLanguage":"pt-BR","potentialAction":[{"@type":"ReadAction","target":["https:\/\/rotario.com.br\/site\/o-rio-e-a-rota\/"]}]},{"@type":"ImageObject","inLanguage":"pt-BR","@id":"https:\/\/rotario.com.br\/site\/o-rio-e-a-rota\/#primaryimage","url":"https:\/\/rotario.com.br\/site\/wp-content\/uploads\/2022\/04\/Design-sem-nome-1.png","contentUrl":"https:\/\/rotario.com.br\/site\/wp-content\/uploads\/2022\/04\/Design-sem-nome-1.png","width":300,"height":250},{"@type":"BreadcrumbList","@id":"https:\/\/rotario.com.br\/site\/o-rio-e-a-rota\/#breadcrumb","itemListElement":[{"@type":"ListItem","position":1,"name":"In\u00edcio","item":"https:\/\/rotario.com.br\/site\/"},{"@type":"ListItem","position":2,"name":"O Rio e a Rota!"}]},{"@type":"WebSite","@id":"https:\/\/rotario.com.br\/site\/#website","url":"https:\/\/rotario.com.br\/site\/","name":"Rota Rio","description":"Aqui, o Rio de Janeiro \u00e9 a pauta!","publisher":{"@id":"https:\/\/rotario.com.br\/site\/#organization"},"potentialAction":[{"@type":"SearchAction","target":{"@type":"EntryPoint","urlTemplate":"https:\/\/rotario.com.br\/site\/?s={search_term_string}"},"query-input":{"@type":"PropertyValueSpecification","valueRequired":true,"valueName":"search_term_string"}}],"inLanguage":"pt-BR"},{"@type":"Organization","@id":"https:\/\/rotario.com.br\/site\/#organization","name":"Rota Rio","url":"https:\/\/rotario.com.br\/site\/","logo":{"@type":"ImageObject","inLanguage":"pt-BR","@id":"https:\/\/rotario.com.br\/site\/#\/schema\/logo\/image\/","url":"https:\/\/rotario.com.br\/site\/wp-content\/uploads\/2022\/04\/cropped-ROTARIO-LOGO-Prancheta-1-1-2048x654-1.png","contentUrl":"https:\/\/rotario.com.br\/site\/wp-content\/uploads\/2022\/04\/cropped-ROTARIO-LOGO-Prancheta-1-1-2048x654-1.png","width":2048,"height":654,"caption":"Rota Rio"},"image":{"@id":"https:\/\/rotario.com.br\/site\/#\/schema\/logo\/image\/"}}]}},"_links":{"self":[{"href":"https:\/\/rotario.com.br\/site\/wp-json\/wp\/v2\/pages\/4739","targetHints":{"allow":["GET"]}}],"collection":[{"href":"https:\/\/rotario.com.br\/site\/wp-json\/wp\/v2\/pages"}],"about":[{"href":"https:\/\/rotario.com.br\/site\/wp-json\/wp\/v2\/types\/page"}],"author":[{"embeddable":true,"href":"https:\/\/rotario.com.br\/site\/wp-json\/wp\/v2\/users\/2"}],"replies":[{"embeddable":true,"href":"https:\/\/rotario.com.br\/site\/wp-json\/wp\/v2\/comments?post=4739"}],"version-history":[{"count":0,"href":"https:\/\/rotario.com.br\/site\/wp-json\/wp\/v2\/pages\/4739\/revisions"}],"wp:featuredmedia":[{"embeddable":true,"href":"https:\/\/rotario.com.br\/site\/wp-json\/wp\/v2\/media\/4740"}],"wp:attachment":[{"href":"https:\/\/rotario.com.br\/site\/wp-json\/wp\/v2\/media?parent=4739"}],"curies":[{"name":"wp","href":"https:\/\/api.w.org\/{rel}","templated":true}]}}